{"id":662,"date":"2016-04-28T13:33:35","date_gmt":"2016-04-28T11:33:35","guid":{"rendered":"http:\/\/www.debtus.pl\/?page_id=662"},"modified":"2024-05-17T13:06:42","modified_gmt":"2024-05-17T11:06:42","slug":"wizja-misja-wartosci","status":"publish","type":"page","link":"https:\/\/www.debtus.pl\/en\/wizja-misja-wartosci\/","title":{"rendered":"Vision | Mission | Values"},"content":{"rendered":"<div data-elementor-type=\"wp-page\" data-elementor-id=\"662\" class=\"elementor elementor-662\">\n\t\t\t\t\t\t<section class=\"elementor-section elementor-top-section elementor-element elementor-element-2c717b6 elementor-section-boxed elementor-section-height-default elementor-section-height-default\" data-id=\"2c717b6\" data-element_type=\"section\" data-e-type=\"section\">\n\t\t\t\t\t\t<div class=\"elementor-container elementor-column-gap-default\">\n\t\t\t\t\t<div class=\"elementor-column elementor-col-100 elementor-top-column elementor-element elementor-element-50e0b96\" data-id=\"50e0b96\" data-element_type=\"column\" data-e-type=\"column\">\n\t\t\t<div class=\"elementor-widget-wrap elementor-element-populated\">\n\t\t\t\t\t\t<div class=\"elementor-element elementor-element-a0d5567 elementor-widget elementor-widget-vc_custom_heading\" data-id=\"a0d5567\" data-element_type=\"widget\" data-e-type=\"widget\" data-widget_type=\"vc_custom_heading.default\">\n\t\t\t\t<div class=\"elementor-widget-container\">\n\t\t\t\t\t<div class=\"vc_custom_heading  consulting_heading_font  text_align_center\" ><h2 style=\"text-align: center;font-weight:700\" class=\"consulting-custom-title\">Vision | Mission | Values<\/h2><\/div>\t\t\t\t<\/div>\n\t\t\t\t<\/div>\n\t\t\t\t<div class=\"elementor-element elementor-element-2f6b01f elementor-widget-divider--view-line elementor-widget elementor-widget-divider\" data-id=\"2f6b01f\" data-element_type=\"widget\" data-e-type=\"widget\" data-widget_type=\"divider.default\">\n\t\t\t\t<div class=\"elementor-widget-container\">\n\t\t\t\t\t\t\t<div class=\"elementor-divider\">\n\t\t\t<span class=\"elementor-divider-separator\">\n\t\t\t\t\t\t<\/span>\n\t\t<\/div>\n\t\t\t\t\t\t<\/div>\n\t\t\t\t<\/div>\n\t\t\t\t<section class=\"elementor-section elementor-top-section elementor-element elementor-element-ea532ab elementor-section-boxed elementor-section-height-default elementor-section-height-default\" data-id=\"ea532ab\" data-element_type=\"section\" data-e-type=\"section\" data-settings=\"{&quot;background_background&quot;:&quot;classic&quot;}\">\n\t\t\t\t\t\t<div class=\"elementor-container elementor-column-gap-default\">\n\t\t\t\t\t<div class=\"elementor-column elementor-col-25 elementor-top-column elementor-element elementor-element-08ae379\" data-id=\"08ae379\" data-element_type=\"column\" data-e-type=\"column\" data-settings=\"{&quot;background_background&quot;:&quot;classic&quot;}\">\n\t\t\t<div class=\"elementor-widget-wrap elementor-element-populated\">\n\t\t\t\t\t\t<div class=\"elementor-element elementor-element-e3051e9 elementor-widget elementor-widget-vc_custom_heading\" data-id=\"e3051e9\" data-element_type=\"widget\" data-e-type=\"widget\" data-widget_type=\"vc_custom_heading.default\">\n\t\t\t\t<div class=\"elementor-widget-container\">\n\t\t\t\t\t<div class=\"vc_custom_heading  consulting_heading_font  text_align_center stripe_left_right\" ><h3 style=\"text-align: center;font-weight:700\" class=\"consulting-custom-title\">VISION\n<\/h3><\/div>\t\t\t\t<\/div>\n\t\t\t\t<\/div>\n\t\t\t\t\t<\/div>\n\t\t<\/div>\n\t\t\t\t<div class=\"elementor-column elementor-col-75 elementor-top-column elementor-element elementor-element-6db4564\" data-id=\"6db4564\" data-element_type=\"column\" data-e-type=\"column\" data-settings=\"{&quot;background_background&quot;:&quot;classic&quot;}\">\n\t\t\t<div class=\"elementor-widget-wrap elementor-element-populated\">\n\t\t\t\t\t\t<div class=\"elementor-element elementor-element-559746f elementor-widget elementor-widget-text-editor\" data-id=\"559746f\" data-element_type=\"widget\" data-e-type=\"widget\" data-widget_type=\"text-editor.default\">\n\t\t\t\t<div class=\"elementor-widget-container\">\n\t\t\t\t\t\t\t\t\t<p>We wish to become a collection company of a first choice not only for national companies operating on foreign markets but also for international partners seeking support in Central and Eastern Europe.<\/p>\n<p>Our biggest advantage is the competence of our staff, the quality of our services and innovative collection tools, such as modern methods of data exchange with partners and clients around the world through a communication hub that meets all current and planned requirements of the protection of personal data in European Union.<\/p>\n<p>The realization of our vision promotes our knowledge and experience in international debt collection and a network of proven partners in 160 countries worldwide.<\/p>\n\t\t\t\t\t\t\t\t<\/div>\n\t\t\t\t<\/div>\n\t\t\t\t\t<\/div>\n\t\t<\/div>\n\t\t\t\t\t<\/div>\n\t\t<\/section>\n\t\t\t\t<div class=\"elementor-element elementor-element-2be5482 elementor-widget-divider--view-line elementor-widget elementor-widget-divider\" data-id=\"2be5482\" data-element_type=\"widget\" data-e-type=\"widget\" data-widget_type=\"divider.default\">\n\t\t\t\t<div class=\"elementor-widget-container\">\n\t\t\t\t\t\t\t<div class=\"elementor-divider\">\n\t\t\t<span class=\"elementor-divider-separator\">\n\t\t\t\t\t\t<\/span>\n\t\t<\/div>\n\t\t\t\t\t\t<\/div>\n\t\t\t\t<\/div>\n\t\t\t\t<section class=\"elementor-section elementor-top-section elementor-element elementor-element-5897524 elementor-section-boxed elementor-section-height-default elementor-section-height-default\" data-id=\"5897524\" data-element_type=\"section\" data-e-type=\"section\" data-settings=\"{&quot;background_background&quot;:&quot;classic&quot;}\">\n\t\t\t\t\t\t<div class=\"elementor-container elementor-column-gap-default\">\n\t\t\t\t\t<div class=\"elementor-column elementor-col-25 elementor-top-column elementor-element elementor-element-841a1fe\" data-id=\"841a1fe\" data-element_type=\"column\" data-e-type=\"column\" data-settings=\"{&quot;background_background&quot;:&quot;classic&quot;}\">\n\t\t\t<div class=\"elementor-widget-wrap elementor-element-populated\">\n\t\t\t\t\t\t<div class=\"elementor-element elementor-element-543bef3 elementor-widget elementor-widget-vc_custom_heading\" data-id=\"543bef3\" data-element_type=\"widget\" data-e-type=\"widget\" data-widget_type=\"vc_custom_heading.default\">\n\t\t\t\t<div class=\"elementor-widget-container\">\n\t\t\t\t\t<div class=\"vc_custom_heading  consulting_heading_font  text_align_center stripe_left_right\" ><h3 style=\"text-align: center;font-weight:700\" class=\"consulting-custom-title\">MISSION\n<\/h3><\/div>\t\t\t\t<\/div>\n\t\t\t\t<\/div>\n\t\t\t\t\t<\/div>\n\t\t<\/div>\n\t\t\t\t<div class=\"elementor-column elementor-col-75 elementor-top-column elementor-element elementor-element-06b9b42\" data-id=\"06b9b42\" data-element_type=\"column\" data-e-type=\"column\" data-settings=\"{&quot;background_background&quot;:&quot;classic&quot;}\">\n\t\t\t<div class=\"elementor-widget-wrap elementor-element-populated\">\n\t\t\t\t\t\t<div class=\"elementor-element elementor-element-1a2c0d1 elementor-widget elementor-widget-text-editor\" data-id=\"1a2c0d1\" data-element_type=\"widget\" data-e-type=\"widget\" data-widget_type=\"text-editor.default\">\n\t\t\t\t<div class=\"elementor-widget-container\">\n\t\t\t\t\t\t\t\t\t<p>Our mission is to improve the quality of financial and debt collection services both domestically and internationally. We put a strong emphasis on respect for each party involved in the original transaction. Our goal is to enable partners to further long-term cooperation.<\/p>\n<p>A global perspective of our activity promotes diversity and respect for different ways of working together with easy access to the highest quality debt collection services to all participants of international and local market together as well as state administration.<\/p>\n\t\t\t\t\t\t\t\t<\/div>\n\t\t\t\t<\/div>\n\t\t\t\t\t<\/div>\n\t\t<\/div>\n\t\t\t\t\t<\/div>\n\t\t<\/section>\n\t\t\t\t<div class=\"elementor-element elementor-element-b4ca395 elementor-widget-divider--view-line elementor-widget elementor-widget-divider\" data-id=\"b4ca395\" data-element_type=\"widget\" data-e-type=\"widget\" data-widget_type=\"divider.default\">\n\t\t\t\t<div class=\"elementor-widget-container\">\n\t\t\t\t\t\t\t<div class=\"elementor-divider\">\n\t\t\t<span class=\"elementor-divider-separator\">\n\t\t\t\t\t\t<\/span>\n\t\t<\/div>\n\t\t\t\t\t\t<\/div>\n\t\t\t\t<\/div>\n\t\t\t\t\t<\/div>\n\t\t<\/div>\n\t\t\t\t\t<\/div>\n\t\t<\/section>\n\t\t\t\t<section class=\"elementor-section elementor-top-section elementor-element elementor-element-f3589da elementor-section-boxed elementor-section-height-default elementor-section-height-default\" data-id=\"f3589da\" data-element_type=\"section\" data-e-type=\"section\">\n\t\t\t\t\t\t<div class=\"elementor-container elementor-column-gap-default\">\n\t\t\t\t\t<div class=\"elementor-column elementor-col-100 elementor-top-column elementor-element elementor-element-d2fcd10\" data-id=\"d2fcd10\" data-element_type=\"column\" data-e-type=\"column\">\n\t\t\t<div class=\"elementor-widget-wrap elementor-element-populated\">\n\t\t\t\t\t\t<div class=\"elementor-element elementor-element-50ba880 elementor-widget elementor-widget-vc_custom_heading\" data-id=\"50ba880\" data-element_type=\"widget\" data-e-type=\"widget\" data-widget_type=\"vc_custom_heading.default\">\n\t\t\t\t<div class=\"elementor-widget-container\">\n\t\t\t\t\t<div class=\"vc_custom_heading  consulting_heading_font  text_align_center stripe_left_right\" ><h3 style=\"text-align: center;font-weight:700\" class=\"consulting-custom-title\">VALUES\n<\/h3><\/div>\t\t\t\t<\/div>\n\t\t\t\t<\/div>\n\t\t\t\t<div class=\"elementor-element elementor-element-3c3c05d elementor-widget elementor-widget-stm_spacing\" data-id=\"3c3c05d\" data-element_type=\"widget\" data-e-type=\"widget\" data-widget_type=\"stm_spacing.default\">\n\t\t\t\t<div class=\"elementor-widget-container\">\n\t\t\t\t\t<div class=\"stm-spacing\" id=\"stm-spacing-69fe18cf09c05\"><\/div>\n<script>\n    (function($){\n        \"use strict\";\n        var spacingID = 'stm-spacing-69fe18cf09c05',\n            lgSpacing = '35',\n            mdSpacing = '35',\n            smSpacing = '25',\n            xsSpacing = '20';\n\n        function stmSpacing() {\n            if ( window.matchMedia(\"(min-width: 1200px)\").matches && lgSpacing ) {\n                $( '#' + spacingID ).css ( \"height\", lgSpacing );\n            } else if ( window.matchMedia(\"(max-width: 1199px) and (min-width: 992px )\").matches && mdSpacing ) {\n                $( '#' + spacingID ).css ( \"height\", mdSpacing );\n            } else if ( window.matchMedia(\"(max-width: 991px) and (min-width: 768px )\").matches && smSpacing ) {\n                $( '#' + spacingID ).css ( \"height\", smSpacing );\n            } else if ( window.matchMedia(\"(max-width: 767px)\").matches && xsSpacing ) {\n                $( '#' + spacingID ).css ( \"height\", xsSpacing );\n            } else {\n                $( '#' + spacingID ).css ( \"height\", \"\" );\n            }\n        }\n\n        $(document).ready(function() {\n            stmSpacing();\n        });\n\n        $(window).resize(function() {\n            stmSpacing();\n        });\n\n    })(jQuery);\n<\/script>\t\t\t\t<\/div>\n\t\t\t\t<\/div>\n\t\t\t\t<section class=\"elementor-section elementor-top-section elementor-element elementor-element-24948a9 elementor-section-boxed elementor-section-height-default elementor-section-height-default\" data-id=\"24948a9\" data-element_type=\"section\" data-e-type=\"section\">\n\t\t\t\t\t\t<div class=\"elementor-container elementor-column-gap-default\">\n\t\t\t\t\t<div class=\"elementor-column elementor-col-25 elementor-top-column elementor-element elementor-element-0db40c2\" data-id=\"0db40c2\" data-element_type=\"column\" data-e-type=\"column\">\n\t\t\t<div class=\"elementor-widget-wrap elementor-element-populated\">\n\t\t\t\t\t\t<div class=\"elementor-element elementor-element-c1a7e7d elementor-widget elementor-widget-stm_info_box\" data-id=\"c1a7e7d\" data-element_type=\"widget\" data-e-type=\"widget\" data-widget_type=\"stm_info_box.default\">\n\t\t\t\t<div class=\"elementor-widget-container\">\n\t\t\t\t\t<div class=\"infobox  elementor-consulting-info-box style_8\">\n\t\t\t<div class=\"infobox_title_wrap\">\n\t\t\t\t\t\t\t<i class=\"third_bg_color base_font_color fas fa-briefcase\"><\/i>\n\t\t\t\t\t\t<h4 class=\"infobox_title\">Professionalism<\/h4>\n\t\t<\/div>\n\t\t\t\t<div class=\"infobox_content base_font_color\">\n\t\t\t<p>The knowledge, skills and commitment are our basic tools while cooperating with the customers. The competence of our team are a necessary condition for solving entrusted cases and tasks. We educate and develop our skills to fulfill the needs of our customers.<\/p>\n\t\t<\/div>\n\t<\/div>\n\t\t\t\t<\/div>\n\t\t\t\t<\/div>\n\t\t\t\t<div class=\"elementor-element elementor-element-6627bb5 elementor-widget elementor-widget-stm_spacing\" data-id=\"6627bb5\" data-element_type=\"widget\" data-e-type=\"widget\" data-widget_type=\"stm_spacing.default\">\n\t\t\t\t<div class=\"elementor-widget-container\">\n\t\t\t\t\t<div class=\"stm-spacing\" id=\"stm-spacing-69fe18cf0a36c\"><\/div>\n<script>\n    (function($){\n        \"use strict\";\n        var spacingID = 'stm-spacing-69fe18cf0a36c',\n            lgSpacing = '0',\n            mdSpacing = '0',\n            smSpacing = '0',\n            xsSpacing = '30';\n\n        function stmSpacing() {\n            if ( window.matchMedia(\"(min-width: 1200px)\").matches && lgSpacing ) {\n                $( '#' + spacingID ).css ( \"height\", lgSpacing );\n            } else if ( window.matchMedia(\"(max-width: 1199px) and (min-width: 992px )\").matches && mdSpacing ) {\n                $( '#' + spacingID ).css ( \"height\", mdSpacing );\n            } else if ( window.matchMedia(\"(max-width: 991px) and (min-width: 768px )\").matches && smSpacing ) {\n                $( '#' + spacingID ).css ( \"height\", smSpacing );\n            } else if ( window.matchMedia(\"(max-width: 767px)\").matches && xsSpacing ) {\n                $( '#' + spacingID ).css ( \"height\", xsSpacing );\n            } else {\n                $( '#' + spacingID ).css ( \"height\", \"\" );\n            }\n        }\n\n        $(document).ready(function() {\n            stmSpacing();\n        });\n\n        $(window).resize(function() {\n            stmSpacing();\n        });\n\n    })(jQuery);\n<\/script>\t\t\t\t<\/div>\n\t\t\t\t<\/div>\n\t\t\t\t\t<\/div>\n\t\t<\/div>\n\t\t\t\t<div class=\"elementor-column elementor-col-25 elementor-top-column elementor-element elementor-element-96c9ac6\" data-id=\"96c9ac6\" data-element_type=\"column\" data-e-type=\"column\">\n\t\t\t<div class=\"elementor-widget-wrap elementor-element-populated\">\n\t\t\t\t\t\t<div class=\"elementor-element elementor-element-df63d65 elementor-widget elementor-widget-stm_info_box\" data-id=\"df63d65\" data-element_type=\"widget\" data-e-type=\"widget\" data-widget_type=\"stm_info_box.default\">\n\t\t\t\t<div class=\"elementor-widget-container\">\n\t\t\t\t\t<div class=\"infobox  elementor-consulting-info-box style_8\">\n\t\t\t<div class=\"infobox_title_wrap\">\n\t\t\t\t\t\t\t<i class=\"third_bg_color base_font_color  stm-mumbai_people\"><\/i>\n\t\t\t\t\t\t<h4 class=\"infobox_title\">Diversity<\/h4>\n\t\t<\/div>\n\t\t\t\t<div class=\"infobox_content base_font_color\">\n\t\t\t<p>The ability of creative thinking and acting in a way strictly adapted to  very differentiated spectrum of customers and partners is a necessity in a quickly changing international business environment. Cultural competence and respect for the diverse needs is our leading value.<\/p>\n\t\t<\/div>\n\t<\/div>\n\t\t\t\t<\/div>\n\t\t\t\t<\/div>\n\t\t\t\t<div class=\"elementor-element elementor-element-ae9ec9c elementor-widget elementor-widget-stm_spacing\" data-id=\"ae9ec9c\" data-element_type=\"widget\" data-e-type=\"widget\" data-widget_type=\"stm_spacing.default\">\n\t\t\t\t<div class=\"elementor-widget-container\">\n\t\t\t\t\t<div class=\"stm-spacing\" id=\"stm-spacing-69fe18cf0a9c2\"><\/div>\n<script>\n    (function($){\n        \"use strict\";\n        var spacingID = 'stm-spacing-69fe18cf0a9c2',\n            lgSpacing = '0',\n            mdSpacing = '0',\n            smSpacing = '0',\n            xsSpacing = '30';\n\n        function stmSpacing() {\n            if ( window.matchMedia(\"(min-width: 1200px)\").matches && lgSpacing ) {\n                $( '#' + spacingID ).css ( \"height\", lgSpacing );\n            } else if ( window.matchMedia(\"(max-width: 1199px) and (min-width: 992px )\").matches && mdSpacing ) {\n                $( '#' + spacingID ).css ( \"height\", mdSpacing );\n            } else if ( window.matchMedia(\"(max-width: 991px) and (min-width: 768px )\").matches && smSpacing ) {\n                $( '#' + spacingID ).css ( \"height\", smSpacing );\n            } else if ( window.matchMedia(\"(max-width: 767px)\").matches && xsSpacing ) {\n                $( '#' + spacingID ).css ( \"height\", xsSpacing );\n            } else {\n                $( '#' + spacingID ).css ( \"height\", \"\" );\n            }\n        }\n\n        $(document).ready(function() {\n            stmSpacing();\n        });\n\n        $(window).resize(function() {\n            stmSpacing();\n        });\n\n    })(jQuery);\n<\/script>\t\t\t\t<\/div>\n\t\t\t\t<\/div>\n\t\t\t\t\t<\/div>\n\t\t<\/div>\n\t\t\t\t<div class=\"elementor-column elementor-col-25 elementor-top-column elementor-element elementor-element-d2c8814\" data-id=\"d2c8814\" data-element_type=\"column\" data-e-type=\"column\">\n\t\t\t<div class=\"elementor-widget-wrap elementor-element-populated\">\n\t\t\t\t\t\t<div class=\"elementor-element elementor-element-5b09b24 elementor-widget elementor-widget-stm_info_box\" data-id=\"5b09b24\" data-element_type=\"widget\" data-e-type=\"widget\" data-widget_type=\"stm_info_box.default\">\n\t\t\t\t<div class=\"elementor-widget-container\">\n\t\t\t\t\t<div class=\"infobox  elementor-consulting-info-box style_8\">\n\t\t\t<div class=\"infobox_title_wrap\">\n\t\t\t\t\t\t\t<i class=\"third_bg_color base_font_color fas fa-network-wired\"><\/i>\n\t\t\t\t\t\t<h4 class=\"infobox_title\">Relations<\/h4>\n\t\t<\/div>\n\t\t\t\t<div class=\"infobox_content base_font_color\">\n\t\t\t<p>The attention to quality and durability of relationships with our customers, as well as relations between creditors and debtors are inherent and main objective of our activities. Further cooperation of creditors and debtors is one of the most important determinants of properly completed tasks and successful debt collection.<\/p>\n\t\t<\/div>\n\t<\/div>\n\t\t\t\t<\/div>\n\t\t\t\t<\/div>\n\t\t\t\t<div class=\"elementor-element elementor-element-e66f668 elementor-widget elementor-widget-stm_spacing\" data-id=\"e66f668\" data-element_type=\"widget\" data-e-type=\"widget\" data-widget_type=\"stm_spacing.default\">\n\t\t\t\t<div class=\"elementor-widget-container\">\n\t\t\t\t\t<div class=\"stm-spacing\" id=\"stm-spacing-69fe18cf0b013\"><\/div>\n<script>\n    (function($){\n        \"use strict\";\n        var spacingID = 'stm-spacing-69fe18cf0b013',\n            lgSpacing = '0',\n            mdSpacing = '0',\n            smSpacing = '0',\n            xsSpacing = '30';\n\n        function stmSpacing() {\n            if ( window.matchMedia(\"(min-width: 1200px)\").matches && lgSpacing ) {\n                $( '#' + spacingID ).css ( \"height\", lgSpacing );\n            } else if ( window.matchMedia(\"(max-width: 1199px) and (min-width: 992px )\").matches && mdSpacing ) {\n                $( '#' + spacingID ).css ( \"height\", mdSpacing );\n            } else if ( window.matchMedia(\"(max-width: 991px) and (min-width: 768px )\").matches && smSpacing ) {\n                $( '#' + spacingID ).css ( \"height\", smSpacing );\n            } else if ( window.matchMedia(\"(max-width: 767px)\").matches && xsSpacing ) {\n                $( '#' + spacingID ).css ( \"height\", xsSpacing );\n            } else {\n                $( '#' + spacingID ).css ( \"height\", \"\" );\n            }\n        }\n\n        $(document).ready(function() {\n            stmSpacing();\n        });\n\n        $(window).resize(function() {\n            stmSpacing();\n        });\n\n    })(jQuery);\n<\/script>\t\t\t\t<\/div>\n\t\t\t\t<\/div>\n\t\t\t\t\t<\/div>\n\t\t<\/div>\n\t\t\t\t<div class=\"elementor-column elementor-col-25 elementor-top-column elementor-element elementor-element-7789fce\" data-id=\"7789fce\" data-element_type=\"column\" data-e-type=\"column\">\n\t\t\t<div class=\"elementor-widget-wrap elementor-element-populated\">\n\t\t\t\t\t\t<div class=\"elementor-element elementor-element-b44937a elementor-widget elementor-widget-stm_info_box\" data-id=\"b44937a\" data-element_type=\"widget\" data-e-type=\"widget\" data-widget_type=\"stm_info_box.default\">\n\t\t\t\t<div class=\"elementor-widget-container\">\n\t\t\t\t\t<div class=\"infobox  elementor-consulting-info-box style_8\">\n\t\t\t<div class=\"infobox_title_wrap\">\n\t\t\t\t\t\t\t<i class=\"third_bg_color base_font_color fas fa-handshake\"><\/i>\n\t\t\t\t\t\t<h4 class=\"infobox_title\">Trust<\/h4>\n\t\t<\/div>\n\t\t\t\t<div class=\"infobox_content base_font_color\">\n\t\t\t<p>Building and maintaining trust with our colleagues, partners and customers is one of the main reasons for our commitment and continuous improvement of service quality. We believe that trust accelerates business processes and ensures long term benefits together with working in a good atmosphere.<\/p>\n\t\t<\/div>\n\t<\/div>\n\t\t\t\t<\/div>\n\t\t\t\t<\/div>\n\t\t\t\t<div class=\"elementor-element elementor-element-183409f elementor-widget elementor-widget-stm_spacing\" data-id=\"183409f\" data-element_type=\"widget\" data-e-type=\"widget\" data-widget_type=\"stm_spacing.default\">\n\t\t\t\t<div class=\"elementor-widget-container\">\n\t\t\t\t\t<div class=\"stm-spacing\" id=\"stm-spacing-69fe18cf0b61d\"><\/div>\n<script>\n    (function($){\n        \"use strict\";\n        var spacingID = 'stm-spacing-69fe18cf0b61d',\n            lgSpacing = '0',\n            mdSpacing = '0',\n            smSpacing = '0',\n            xsSpacing = '30';\n\n        function stmSpacing() {\n            if ( window.matchMedia(\"(min-width: 1200px)\").matches && lgSpacing ) {\n                $( '#' + spacingID ).css ( \"height\", lgSpacing );\n            } else if ( window.matchMedia(\"(max-width: 1199px) and (min-width: 992px )\").matches && mdSpacing ) {\n                $( '#' + spacingID ).css ( \"height\", mdSpacing );\n            } else if ( window.matchMedia(\"(max-width: 991px) and (min-width: 768px )\").matches && smSpacing ) {\n                $( '#' + spacingID ).css ( \"height\", smSpacing );\n            } else if ( window.matchMedia(\"(max-width: 767px)\").matches && xsSpacing ) {\n                $( '#' + spacingID ).css ( \"height\", xsSpacing );\n            } else {\n                $( '#' + spacingID ).css ( \"height\", \"\" );\n            }\n        }\n\n        $(document).ready(function() {\n            stmSpacing();\n        });\n\n        $(window).resize(function() {\n            stmSpacing();\n        });\n\n    })(jQuery);\n<\/script>\t\t\t\t<\/div>\n\t\t\t\t<\/div>\n\t\t\t\t\t<\/div>\n\t\t<\/div>\n\t\t\t\t\t<\/div>\n\t\t<\/section>\n\t\t\t\t\t<\/div>\n\t\t<\/div>\n\t\t\t\t\t<\/div>\n\t\t<\/section>\n\t\t<div class=\"elementor-element elementor-element-7a18998 e-flex e-con-boxed e-con e-parent\" data-id=\"7a18998\" data-element_type=\"container\" data-e-type=\"container\">\n\t\t\t\t\t<div class=\"e-con-inner\">\n\t\t\t\t<div class=\"elementor-element elementor-element-77fd7a2 elementor-widget-divider--view-line elementor-widget elementor-widget-divider\" data-id=\"77fd7a2\" data-element_type=\"widget\" data-e-type=\"widget\" data-widget_type=\"divider.default\">\n\t\t\t\t<div class=\"elementor-widget-container\">\n\t\t\t\t\t\t\t<div class=\"elementor-divider\">\n\t\t\t<span class=\"elementor-divider-separator\">\n\t\t\t\t\t\t<\/span>\n\t\t<\/div>\n\t\t\t\t\t\t<\/div>\n\t\t\t\t<\/div>\n\t\t\t\t\t<\/div>\n\t\t\t\t<\/div>\n\t\t\t\t<\/div>","protected":false},"excerpt":{"rendered":"<p>Wizja, Misja i Warto\u015bci WIZJA Pragniemy sta\u0107 si\u0119 firm\u0105 windykacyjn\u0105 pierwszego wyboru dla krajowych podmiot\u00f3w dzia\u0142aj\u0105cych na rynkach mi\u0119dzynarodowych oraz dla zagranicznych kontrahent\u00f3w poszukuj\u0105cych wsparcia w Europie \u015arodkowo-Wschodniej. Nasza przewaga to kompetencje naszych pracownik\u00f3w, jako\u015b\u0107 oferowanych us\u0142ug oraz innowacyjno\u015b\u0107 narz\u0119dzi windykacyjnych, takich jak nowoczesny proces wymiany danych z partnerami i klientami z ca\u0142ego \u015bwiata poprzez<\/p>","protected":false},"author":1,"featured_media":0,"parent":0,"menu_order":0,"comment_status":"closed","ping_status":"closed","template":"","meta":{"_acf_changed":false,"footnotes":""},"class_list":["post-662","page","type-page","status-publish","hentry"],"acf":[],"_links":{"self":[{"href":"https:\/\/www.debtus.pl\/en\/wp-json\/wp\/v2\/pages\/662","targetHints":{"allow":["GET"]}}],"collection":[{"href":"https:\/\/www.debtus.pl\/en\/wp-json\/wp\/v2\/pages"}],"about":[{"href":"https:\/\/www.debtus.pl\/en\/wp-json\/wp\/v2\/types\/page"}],"author":[{"embeddable":true,"href":"https:\/\/www.debtus.pl\/en\/wp-json\/wp\/v2\/users\/1"}],"replies":[{"embeddable":true,"href":"https:\/\/www.debtus.pl\/en\/wp-json\/wp\/v2\/comments?post=662"}],"version-history":[{"count":59,"href":"https:\/\/www.debtus.pl\/en\/wp-json\/wp\/v2\/pages\/662\/revisions"}],"predecessor-version":[{"id":17551,"href":"https:\/\/www.debtus.pl\/en\/wp-json\/wp\/v2\/pages\/662\/revisions\/17551"}],"wp:attachment":[{"href":"https:\/\/www.debtus.pl\/en\/wp-json\/wp\/v2\/media?parent=662"}],"curies":[{"name":"wp","href":"https:\/\/api.w.org\/{rel}","templated":true}]}}