{"id":16922,"date":"2024-05-02T15:34:28","date_gmt":"2024-05-02T13:34:28","guid":{"rendered":"https:\/\/www.debtus.pl\/?page_id=16922"},"modified":"2024-05-17T18:24:26","modified_gmt":"2024-05-17T16:24:26","slug":"inwestycje-w-dubaju","status":"publish","type":"page","link":"https:\/\/www.debtus.pl\/en\/inwestycje-w-dubaju\/","title":{"rendered":"Investment in Dubai\u00a0"},"content":{"rendered":"<div data-elementor-type=\"wp-page\" data-elementor-id=\"16922\" class=\"elementor elementor-16922\">\n\t\t\t\t<div class=\"elementor-element elementor-element-27e6be2b e-flex e-con-boxed e-con e-parent\" data-id=\"27e6be2b\" data-element_type=\"container\" data-e-type=\"container\">\n\t\t\t\t\t<div class=\"e-con-inner\">\n\t\t\t\t<div class=\"elementor-element elementor-element-15c9c37e elementor-widget elementor-widget-text-editor\" data-id=\"15c9c37e\" data-element_type=\"widget\" data-e-type=\"widget\" data-widget_type=\"text-editor.default\">\n\t\t\t\t<div class=\"elementor-widget-container\">\n\t\t\t\t\t\t\t\t\t<p><\/p>\n<p><\/p>\n<figure><img fetchpriority=\"high\" decoding=\"async\" class=\"wp-image-17006 aligncenter\" src=\"https:\/\/www.debtus.pl\/wp-content\/uploads\/2024\/05\/dubai-1024x341.jpg\" alt=\"\" width=\"1400\" height=\"467\" srcset=\"https:\/\/www.debtus.pl\/wp-content\/uploads\/2024\/05\/dubai-1024x341.jpg 1024w, https:\/\/www.debtus.pl\/wp-content\/uploads\/2024\/05\/dubai-300x100.jpg 300w, https:\/\/www.debtus.pl\/wp-content\/uploads\/2024\/05\/dubai-768x256.jpg 768w, https:\/\/www.debtus.pl\/wp-content\/uploads\/2024\/05\/dubai-1536x512.jpg 1536w, https:\/\/www.debtus.pl\/wp-content\/uploads\/2024\/05\/dubai-2048x683.jpg 2048w, https:\/\/www.debtus.pl\/wp-content\/uploads\/2024\/05\/dubai-900x300.jpg 900w\" sizes=\"(max-width: 1400px) 100vw, 1400px\" \/><\/figure>\n<p><\/p>\n\t\t\t\t\t\t\t\t<\/div>\n\t\t\t\t<\/div>\n\t\t\t\t<div class=\"elementor-element elementor-element-4f7ccbc elementor-widget elementor-widget-vc_custom_heading\" data-id=\"4f7ccbc\" data-element_type=\"widget\" data-e-type=\"widget\" data-widget_type=\"vc_custom_heading.default\">\n\t\t\t\t<div class=\"elementor-widget-container\">\n\t\t\t\t\t<div class=\"vc_custom_heading  consulting_heading_font  text_align_center stripe_left_right\" ><h2 style=\"text-align: center;font-weight:700\" class=\"consulting-custom-title\">United Arab Emirates\n<\/h2><\/div>\t\t\t\t<\/div>\n\t\t\t\t<\/div>\n\t\t\t\t\t<\/div>\n\t\t\t\t<\/div>\n\t\t<div class=\"elementor-element elementor-element-1bfa9f2 e-flex e-con-boxed e-con e-parent\" data-id=\"1bfa9f2\" data-element_type=\"container\" data-e-type=\"container\">\n\t\t\t\t\t<div class=\"e-con-inner\">\n\t\t<div class=\"elementor-element elementor-element-1e41010 e-con-full e-flex e-con e-child\" data-id=\"1e41010\" data-element_type=\"container\" data-e-type=\"container\">\n\t\t\t\t<div class=\"elementor-element elementor-element-3ddca8e elementor-widget elementor-widget-image\" data-id=\"3ddca8e\" data-element_type=\"widget\" data-e-type=\"widget\" data-widget_type=\"image.default\">\n\t\t\t\t<div class=\"elementor-widget-container\">\n\t\t\t\t\t\t\t\t\t\t\t\t\t\t\t<img decoding=\"async\" width=\"666\" height=\"1000\" src=\"https:\/\/www.debtus.pl\/wp-content\/uploads\/2016\/06\/F15S0825-1000px.jpg\" class=\"attachment-large size-large wp-image-1177\" alt=\"\" srcset=\"https:\/\/www.debtus.pl\/wp-content\/uploads\/2016\/06\/F15S0825-1000px.jpg 666w, https:\/\/www.debtus.pl\/wp-content\/uploads\/2016\/06\/F15S0825-1000px-199x300.jpg 199w, https:\/\/www.debtus.pl\/wp-content\/uploads\/2016\/06\/F15S0825-1000px-97x146.jpg 97w, https:\/\/www.debtus.pl\/wp-content\/uploads\/2016\/06\/F15S0825-1000px-33x50.jpg 33w, https:\/\/www.debtus.pl\/wp-content\/uploads\/2016\/06\/F15S0825-1000px-73x110.jpg 73w, https:\/\/www.debtus.pl\/wp-content\/uploads\/2016\/06\/F15S0825-1000px-59x90.jpg 59w\" sizes=\"(max-width: 666px) 100vw, 666px\" \/>\t\t\t\t\t\t\t\t\t\t\t\t\t\t\t<\/div>\n\t\t\t\t<\/div>\n\t\t\t\t<div class=\"elementor-element elementor-element-d23fe23 elementor-widget elementor-widget-text-editor\" data-id=\"d23fe23\" data-element_type=\"widget\" data-e-type=\"widget\" data-widget_type=\"text-editor.default\">\n\t\t\t\t<div class=\"elementor-widget-container\">\n\t\t\t\t\t\t\t\t\t<p><\/p>\n<p><\/p>\n<p><\/p>\n<p>\u00a0<\/p>\n<p><\/p>\n\t\t\t\t\t\t\t\t<\/div>\n\t\t\t\t<\/div>\n\t\t\t\t<\/div>\n\t\t<div class=\"elementor-element elementor-element-1f6d063 e-con-full e-flex e-con e-child\" data-id=\"1f6d063\" data-element_type=\"container\" data-e-type=\"container\">\n\t\t\t\t<div class=\"elementor-element elementor-element-d358b6f elementor-widget elementor-widget-text-editor\" data-id=\"d358b6f\" data-element_type=\"widget\" data-e-type=\"widget\" data-widget_type=\"text-editor.default\">\n\t\t\t\t<div class=\"elementor-widget-container\">\n\t\t\t\t\t\t\t\t\t<p>We are pleased to inform that <strong>Debtus \/ TCM Poland<\/strong> offers assistance in helping Polish entities enter the UAE market. We offer full legal services, establish joint-venture companies, assist in contacts with local investors, conduct a full due diligence process, and oversee the investment process in or outside the UAE. We only work with proven entities, including ALWADI Holding or TCM UAE.<\/p>\n<p><!-- \/wp:paragraph --><\/p>\n<p><!-- wp:paragraph --><\/p>\n\t\t\t\t\t\t\t\t<\/div>\n\t\t\t\t<\/div>\n\t\t<div class=\"elementor-element elementor-element-b61f227 e-grid e-con-boxed e-con e-child\" data-id=\"b61f227\" data-element_type=\"container\" data-e-type=\"container\">\n\t\t\t\t\t<div class=\"e-con-inner\">\n\t\t\t\t<div class=\"elementor-element elementor-element-5ee2dd6 elementor-widget elementor-widget-image\" data-id=\"5ee2dd6\" data-element_type=\"widget\" data-e-type=\"widget\" data-widget_type=\"image.default\">\n\t\t\t\t<div class=\"elementor-widget-container\">\n\t\t\t\t\t\t\t\t\t\t\t\t\t\t\t\t<a href=\"http:\/\/www,raalc.ae\">\n\t\t\t\t\t\t\t<img decoding=\"async\" width=\"300\" height=\"300\" src=\"https:\/\/www.debtus.pl\/wp-content\/uploads\/2024\/05\/raalc-300x300.jpg\" class=\"attachment-medium size-medium wp-image-17778\" alt=\"\" srcset=\"https:\/\/www.debtus.pl\/wp-content\/uploads\/2024\/05\/raalc-300x300.jpg 300w, https:\/\/www.debtus.pl\/wp-content\/uploads\/2024\/05\/raalc-150x150.jpg 150w, https:\/\/www.debtus.pl\/wp-content\/uploads\/2024\/05\/raalc-12x12.jpg 12w, https:\/\/www.debtus.pl\/wp-content\/uploads\/2024\/05\/raalc-50x50.jpg 50w, https:\/\/www.debtus.pl\/wp-content\/uploads\/2024\/05\/raalc-320x320.jpg 320w, https:\/\/www.debtus.pl\/wp-content\/uploads\/2024\/05\/raalc.jpg 731w\" sizes=\"(max-width: 300px) 100vw, 300px\" \/>\t\t\t\t\t\t\t\t<\/a>\n\t\t\t\t\t\t\t\t\t\t\t\t\t\t\t<\/div>\n\t\t\t\t<\/div>\n\t\t\t\t<div class=\"elementor-element elementor-element-4392555 elementor-widget elementor-widget-image\" data-id=\"4392555\" data-element_type=\"widget\" data-e-type=\"widget\" data-widget_type=\"image.default\">\n\t\t\t\t<div class=\"elementor-widget-container\">\n\t\t\t\t\t\t\t\t\t\t\t\t\t\t\t\t<a href=\"http:\/\/www.arthurmackenzy.com\">\n\t\t\t\t\t\t\t<img loading=\"lazy\" decoding=\"async\" width=\"300\" height=\"300\" src=\"https:\/\/www.debtus.pl\/wp-content\/uploads\/2024\/05\/artur-300x300.jpg\" class=\"attachment-medium size-medium wp-image-17777\" alt=\"\" srcset=\"https:\/\/www.debtus.pl\/wp-content\/uploads\/2024\/05\/artur-300x300.jpg 300w, https:\/\/www.debtus.pl\/wp-content\/uploads\/2024\/05\/artur-1024x1024.jpg 1024w, https:\/\/www.debtus.pl\/wp-content\/uploads\/2024\/05\/artur-150x150.jpg 150w, https:\/\/www.debtus.pl\/wp-content\/uploads\/2024\/05\/artur-768x768.jpg 768w, https:\/\/www.debtus.pl\/wp-content\/uploads\/2024\/05\/artur-12x12.jpg 12w, https:\/\/www.debtus.pl\/wp-content\/uploads\/2024\/05\/artur-50x50.jpg 50w, https:\/\/www.debtus.pl\/wp-content\/uploads\/2024\/05\/artur-320x320.jpg 320w, https:\/\/www.debtus.pl\/wp-content\/uploads\/2024\/05\/artur-900x900.jpg 900w, https:\/\/www.debtus.pl\/wp-content\/uploads\/2024\/05\/artur.jpg 1080w\" sizes=\"(max-width: 300px) 100vw, 300px\" \/>\t\t\t\t\t\t\t\t<\/a>\n\t\t\t\t\t\t\t\t\t\t\t\t\t\t\t<\/div>\n\t\t\t\t<\/div>\n\t\t\t\t<div class=\"elementor-element elementor-element-0bd93a2 elementor-widget elementor-widget-image\" data-id=\"0bd93a2\" data-element_type=\"widget\" data-e-type=\"widget\" data-widget_type=\"image.default\">\n\t\t\t\t<div class=\"elementor-widget-container\">\n\t\t\t\t\t\t\t\t\t\t\t\t\t\t\t\t<a href=\"http:\/\/www.alwadiholding.com\">\n\t\t\t\t\t\t\t<img loading=\"lazy\" decoding=\"async\" width=\"267\" height=\"300\" src=\"https:\/\/www.debtus.pl\/wp-content\/uploads\/2024\/05\/alwadi-267x300.png\" class=\"attachment-medium size-medium wp-image-17776\" alt=\"\" srcset=\"https:\/\/www.debtus.pl\/wp-content\/uploads\/2024\/05\/alwadi-267x300.png 267w, https:\/\/www.debtus.pl\/wp-content\/uploads\/2024\/05\/alwadi-912x1024.png 912w, https:\/\/www.debtus.pl\/wp-content\/uploads\/2024\/05\/alwadi-768x862.png 768w, https:\/\/www.debtus.pl\/wp-content\/uploads\/2024\/05\/alwadi-11x12.png 11w, https:\/\/www.debtus.pl\/wp-content\/uploads\/2024\/05\/alwadi-900x1010.png 900w, https:\/\/www.debtus.pl\/wp-content\/uploads\/2024\/05\/alwadi.png 1247w\" sizes=\"(max-width: 267px) 100vw, 267px\" \/>\t\t\t\t\t\t\t\t<\/a>\n\t\t\t\t\t\t\t\t\t\t\t\t\t\t\t<\/div>\n\t\t\t\t<\/div>\n\t\t\t\t\t<\/div>\n\t\t\t\t<\/div>\n\t\t<div class=\"elementor-element elementor-element-9fc9440 e-grid e-con-boxed e-con e-child\" data-id=\"9fc9440\" data-element_type=\"container\" data-e-type=\"container\">\n\t\t\t\t\t<div class=\"e-con-inner\">\n\t\t\t\t<div class=\"elementor-element elementor-element-4f29b68 elementor-widget elementor-widget-stm_info_box\" data-id=\"4f29b68\" data-element_type=\"widget\" data-e-type=\"widget\" data-widget_type=\"stm_info_box.default\">\n\t\t\t\t<div class=\"elementor-widget-container\">\n\t\t\t\t\t<div class=\"infobox  elementor-consulting-info-box style_7\">\n\t\t\t<h4 class=\"infobox_title\">RAALC Law Firm<\/h4>\n\t\t\t\t<div class=\"infobox_content\">\n\t\t\t<p style=\"text-align: center\">law firm<\/p>\n\t\t<\/div>\n\t\t\t\t\t\t<a href=\"http:\/\/www.raalc.ae\" class=\"infobox_link\">\n\t\t\t<i class=\"stm-lnr-arrow-right third_bg_color\"><\/i>\n\t\t\twww.raalc.ae\t\t<\/a>\n\t<\/div>\n\t\t\t\t<\/div>\n\t\t\t\t<\/div>\n\t\t\t\t<div class=\"elementor-element elementor-element-d7b1900 elementor-widget elementor-widget-stm_info_box\" data-id=\"d7b1900\" data-element_type=\"widget\" data-e-type=\"widget\" data-widget_type=\"stm_info_box.default\">\n\t\t\t\t<div class=\"elementor-widget-container\">\n\t\t\t\t\t<div class=\"infobox  elementor-consulting-info-box style_7\">\n\t\t\t<h4 class=\"infobox_title\">Arthur Mackenzy Real Estate<\/h4>\n\t\t\t\t<div class=\"infobox_content\">\n\t\t\t<p>real estate broker<\/p>\n\t\t<\/div>\n\t\t\t\t\t\t<a href=\"http:\/\/www.arthurmackenzy.com\" class=\"infobox_link\">\n\t\t\t<i class=\"stm-lnr-arrow-right third_bg_color\"><\/i>\n\t\t\twww.arthurmackenzy.com\t\t<\/a>\n\t<\/div>\n\t\t\t\t<\/div>\n\t\t\t\t<\/div>\n\t\t\t\t<div class=\"elementor-element elementor-element-3b03834 elementor-widget elementor-widget-stm_info_box\" data-id=\"3b03834\" data-element_type=\"widget\" data-e-type=\"widget\" data-widget_type=\"stm_info_box.default\">\n\t\t\t\t<div class=\"elementor-widget-container\">\n\t\t\t\t\t<div class=\"infobox  elementor-consulting-info-box style_7\">\n\t\t\t<h4 class=\"infobox_title\">ALWADI Holding<\/h4>\n\t\t\t\t<div class=\"infobox_content\">\n\t\t\t<p>other services (translation, debt collection)<\/p>\n\t\t<\/div>\n\t\t\t\t\t\t<a href=\"http:\/\/www.alwadiholding.com\" class=\"infobox_link\">\n\t\t\t<i class=\"stm-lnr-arrow-right third_bg_color\"><\/i>\n\t\t\twww.alwadiholding.com\t\t<\/a>\n\t<\/div>\n\t\t\t\t<\/div>\n\t\t\t\t<\/div>\n\t\t\t\t\t<\/div>\n\t\t\t\t<\/div>\n\t\t\t\t<\/div>\n\t\t\t\t\t<\/div>\n\t\t\t\t<\/div>\n\t\t\t\t<section class=\"elementor-section elementor-top-section elementor-element elementor-element-c367108 elementor-section-content-middle elementor-section-stretched elementor-section-boxed elementor-section-height-default elementor-section-height-default\" data-id=\"c367108\" data-element_type=\"section\" data-e-type=\"section\" data-settings=\"{&quot;stretch_section&quot;:&quot;section-stretched&quot;,&quot;background_background&quot;:&quot;classic&quot;}\">\n\t\t\t\t\t\t<div class=\"elementor-container elementor-column-gap-default\">\n\t\t\t\t\t<div class=\"elementor-column elementor-col-50 elementor-top-column elementor-element elementor-element-1c9c3e0\" data-id=\"1c9c3e0\" data-element_type=\"column\" data-e-type=\"column\">\n\t\t\t<div class=\"elementor-widget-wrap elementor-element-populated\">\n\t\t\t\t\t\t<div class=\"elementor-element elementor-element-7af0bf4 elementor-widget elementor-widget-heading\" data-id=\"7af0bf4\" data-element_type=\"widget\" data-e-type=\"widget\" data-widget_type=\"heading.default\">\n\t\t\t\t<div class=\"elementor-widget-container\">\n\t\t\t\t\t<div class=\"elementor-heading-title elementor-size-default\">Want to find out more - contact us!<\/div>\t\t\t\t<\/div>\n\t\t\t\t<\/div>\n\t\t\t\t\t<\/div>\n\t\t<\/div>\n\t\t\t\t<div class=\"elementor-column elementor-col-50 elementor-top-column elementor-element elementor-element-2e97089\" data-id=\"2e97089\" data-element_type=\"column\" data-e-type=\"column\">\n\t\t\t<div class=\"elementor-widget-wrap elementor-element-populated\">\n\t\t\t\t\t\t<div class=\"elementor-element elementor-element-394a40d elementor-widget__width-auto elementor-widget elementor-widget-button\" data-id=\"394a40d\" data-element_type=\"widget\" data-e-type=\"widget\" data-widget_type=\"button.default\">\n\t\t\t\t<div class=\"elementor-widget-container\">\n\t\t\t\t\t\t\t\t\t<div class=\"elementor-button-wrapper icon_align_\">\n\t\t\t\t\t<a class=\"elementor-button elementor-button-link elementor-size-sm\" href=\"mailto:hubert@debtus.pl\">\n\t\t\t\t\t\t<span class=\"elementor-button-content-wrapper\">\n\t\t\t\t\t\t<span class=\"elementor-button-icon\">\n\t\t\t\t<i aria-hidden=\"true\" class=\"stm-atlanta-mail\"><\/i>\t\t\t<\/span>\n\t\t\t\t\t\t\t\t\t<span class=\"elementor-button-text\">hubert@debtus.pl<\/span>\n\t\t\t\t\t<\/span>\n\t\t\t\t\t<\/a>\n\t\t\t\t<\/div>\n\t\t\t\t\t\t\t\t<\/div>\n\t\t\t\t<\/div>\n\t\t\t\t\t<\/div>\n\t\t<\/div>\n\t\t\t\t\t<\/div>\n\t\t<\/section>\n\t\t\t\t<\/div>","protected":false},"excerpt":{"rendered":"<p>Zjednoczone Emiraty Arabskie \u00a0 Firma Debtus \/ TCM Poland oferuje pomoc w wej\u015bciu polskich podmiot\u00f3w na rynek Zjednoczonych Emirat\u00f3w Arabskich. Oferujemy pe\u0142n\u0105 obs\u0142ug\u0119 prawn\u0105, zak\u0142adanie firm joint-venture, pomoc w kontaktach z lokalnymi inwestorami, przeprowadzenie pe\u0142nego procesu due diligence, oraz nadzorowanie procesu inwestycyjnego w ZEA lub poza nimi. Wsp\u00f3\u0142pracujemy wy\u0142\u0105cznie ze sprawdzonymi podmiotami, w tym z<\/p>","protected":false},"author":1,"featured_media":0,"parent":0,"menu_order":0,"comment_status":"closed","ping_status":"closed","template":"","meta":{"_acf_changed":false,"footnotes":""},"class_list":["post-16922","page","type-page","status-publish","hentry"],"acf":[],"_links":{"self":[{"href":"https:\/\/www.debtus.pl\/en\/wp-json\/wp\/v2\/pages\/16922","targetHints":{"allow":["GET"]}}],"collection":[{"href":"https:\/\/www.debtus.pl\/en\/wp-json\/wp\/v2\/pages"}],"about":[{"href":"https:\/\/www.debtus.pl\/en\/wp-json\/wp\/v2\/types\/page"}],"author":[{"embeddable":true,"href":"https:\/\/www.debtus.pl\/en\/wp-json\/wp\/v2\/users\/1"}],"replies":[{"embeddable":true,"href":"https:\/\/www.debtus.pl\/en\/wp-json\/wp\/v2\/comments?post=16922"}],"version-history":[{"count":55,"href":"https:\/\/www.debtus.pl\/en\/wp-json\/wp\/v2\/pages\/16922\/revisions"}],"predecessor-version":[{"id":17796,"href":"https:\/\/www.debtus.pl\/en\/wp-json\/wp\/v2\/pages\/16922\/revisions\/17796"}],"wp:attachment":[{"href":"https:\/\/www.debtus.pl\/en\/wp-json\/wp\/v2\/media?parent=16922"}],"curies":[{"name":"wp","href":"https:\/\/api.w.org\/{rel}","templated":true}]}}