{"id":1073,"date":"2016-06-23T09:37:24","date_gmt":"2016-06-23T07:37:24","guid":{"rendered":"http:\/\/www.debtus.pl\/?page_id=1073"},"modified":"2016-06-24T13:54:44","modified_gmt":"2016-06-24T11:54:44","slug":"glossary","status":"publish","type":"page","link":"https:\/\/www.debtus.pl\/en\/glossary\/","title":{"rendered":"Glossary"},"content":{"rendered":"<p><strong>Legal System<\/strong><br \/>\nPolish law is based on civil law and adopts a codified system. Since becoming a fully-fledged member of the EU in 2004, Poland has implemented EU-wide regulations and directives such as Regulation (EC) No. 1896(2006) that creates a European order for payment procedure and Regulation (EC) No. 861\/2007 that establishes a European small claims procedure.<br \/>\nUnder Polish law, a number of separate legal procedures for different combinations of business types and natural persons exist. Depending on the given debt situation and debt size, cases can be tried under the normal timeframe (see below) in the Commercial Court or can be expedited if, for instance, the subject of litigation is worth less than z\u014210,000. In order to protect the rights of creditors, injunctions and seizures may be introduced.<\/p>\n<p><strong>Types of Companies<\/strong><br \/>\nA solid understanding of the different kinds of companies is vital for effective debt collection in Poland. The most common company types are the following:<br \/>\n<strong>&#8211; A jednoosobowa dzia\u0142alno\u015b\u0107 gospodarcza (sole trader)<\/strong> is a type of company that involves no minimum capital requirement and where the owner has unlimited liability for the company\u2019s debts. Tradesmen and individuals offering a particular service usually found and run these.<br \/>\n<strong>&#8211; A sp\u00f3\u0142ka cywilna (SC) (civil law partnership)<\/strong> involves no minimum capital requirement and partners have unlimited liability for debts incurred.<br \/>\n<strong>&#8211; A sp\u00f3\u0142ka komandytowo (SP. K) (limited partnership)<\/strong> requires no minimum capital and at least one partner has unlimited liability for debts, with limited partners enjoying limited liability.<br \/>\n<strong>&#8211; A sp\u00f3\u0142ka komandytowo-akcyjna (S. K. A.) (private unlimited company with shareholders)<\/strong> requires minimum capital of z\u014250,000 and at least one partner has unlimited liability for debts incurred.<br \/>\n<strong>&#8211; A sp\u00f3\u0142ka jawna (SP.J.) (general partnership)<\/strong> requires no minimum capital and partners have unlimited liability.<br \/>\n<strong>-\uf0a7 A sp\u00f3\u0142ka z ograniczon\u0105 odpowiedzialno\u015bci\u0105 (SP. Z O.O.) (limited liability company<\/strong>) requires minimum capital of z\u01425,000 and partners are liable only for the total value of the company\u2019s capital.<br \/>\n<strong>-\uf0a7 A sp\u00f3\u0142ka akcyjna (S.A.) (company with shareholders<\/strong>) requires minimum capital of z\u0142100,000) divided into shares. The company is liable for the amount of capital held in those shares.<\/p>\n<p><strong>Statutory Limitations<\/strong><br \/>\nWith 2 (two) years for domestic commercial sale claims and 10 years for a judgement, the statutory limitation period in Poland is among the shortest in the EU. Only a judicial interruption of a limitation is possible.<\/p>\n<p><strong>Payment Methods<\/strong><br \/>\nThe most common form of payment is bank transfer to the (foreign) creditor\u2019s account or forwarding payment to the collection agency, which then wires the outstanding sum to the client. Other payment methods can be arranged. Separate accounts are set up for the repayment of debts.<\/p>\n<p><strong>Information on Debtors<\/strong><br \/>\n<strong>Companies<\/strong><br \/>\nIn Poland, public registers of companies are easily accessible. Depending on the type of company, these registers will contain information on a given company\u2019s solvency and assets.<br \/>\n<strong>Individuals<\/strong><br \/>\nInformation on consumers and their assets is protected under Polish privacy laws.<\/p>\n<p><strong>Difference between B2C and B2B Claims<\/strong><br \/>\nB2C and B2B claims are clearly distinguished in Poland. Because of the lack of public registers for individuals, acquiring all possible details about individuals is of the utmost importance. It is impossible to obtain information about the financial situation of natural persons before legal proceedings have commenced, but once these are set in motion such information is readily available. The situation is different for companies, about whom financial information is easily accessible. The data published on public websites are not always up to date, however, it should be noted that the procedures on how to send reminders to debtors have not been formalized in Poland. Costs and fees are agreed on a case-by-case basis.<\/p>","protected":false},"excerpt":{"rendered":"<p>Legal System Polish law is based on civil law and adopts a codified system. Since becoming a fully-fledged member of the EU in 2004, Poland has implemented EU-wide regulations and directives such as Regulation (EC) No. 1896(2006) that creates a European order for payment procedure and Regulation (EC) No. 861\/2007 that establishes a European small<\/p>","protected":false},"author":1,"featured_media":0,"parent":0,"menu_order":0,"comment_status":"open","ping_status":"open","template":"","meta":{"_acf_changed":false,"footnotes":""},"class_list":["post-1073","page","type-page","status-publish","hentry"],"acf":[],"_links":{"self":[{"href":"https:\/\/www.debtus.pl\/en\/wp-json\/wp\/v2\/pages\/1073","targetHints":{"allow":["GET"]}}],"collection":[{"href":"https:\/\/www.debtus.pl\/en\/wp-json\/wp\/v2\/pages"}],"about":[{"href":"https:\/\/www.debtus.pl\/en\/wp-json\/wp\/v2\/types\/page"}],"author":[{"embeddable":true,"href":"https:\/\/www.debtus.pl\/en\/wp-json\/wp\/v2\/users\/1"}],"replies":[{"embeddable":true,"href":"https:\/\/www.debtus.pl\/en\/wp-json\/wp\/v2\/comments?post=1073"}],"version-history":[{"count":11,"href":"https:\/\/www.debtus.pl\/en\/wp-json\/wp\/v2\/pages\/1073\/revisions"}],"predecessor-version":[{"id":1330,"href":"https:\/\/www.debtus.pl\/en\/wp-json\/wp\/v2\/pages\/1073\/revisions\/1330"}],"wp:attachment":[{"href":"https:\/\/www.debtus.pl\/en\/wp-json\/wp\/v2\/media?parent=1073"}],"curies":[{"name":"wp","href":"https:\/\/api.w.org\/{rel}","templated":true}]}}